{"id":567,"date":"2024-09-09T02:22:08","date_gmt":"2024-09-09T00:22:08","guid":{"rendered":"https:\/\/internacional-ibiza.com\/home\/"},"modified":"2026-03-13T22:49:13","modified_gmt":"2026-03-13T21:49:13","slug":"home","status":"publish","type":"page","link":"https:\/\/internacional-ibiza.com\/esp\/","title":{"rendered":"Home"},"content":{"rendered":"\t\t<div data-elementor-type=\"wp-page\" data-elementor-id=\"567\" class=\"elementor elementor-567\">\n\t\t\t\t<div class=\"elementor-element elementor-element-c588ab5 e-flex e-con-boxed e-con e-parent\" data-id=\"c588ab5\" data-element_type=\"container\">\n\t\t\t\t\t<div class=\"e-con-inner\">\n\t\t<div class=\"elementor-element elementor-element-b3c89a5 e-con-full e-flex e-con e-child\" data-id=\"b3c89a5\" data-element_type=\"container\">\n\t\t\t\t<div class=\"elementor-element elementor-element-a4b0acb elementor-widget elementor-widget-heading\" data-id=\"a4b0acb\" data-element_type=\"widget\" data-widget_type=\"heading.default\">\n\t\t\t\t<div class=\"elementor-widget-container\">\n\t\t\t\t\t<h2 class=\"elementor-heading-title elementor-size-default\"><br><\/h2>\t\t\t\t<\/div>\n\t\t\t\t<\/div>\n\t\t\t\t<div class=\"elementor-element elementor-element-a136644 elementor-widget elementor-widget-image\" data-id=\"a136644\" data-element_type=\"widget\" data-widget_type=\"image.default\">\n\t\t\t\t<div class=\"elementor-widget-container\">\n\t\t\t\t\t\t\t\t\t\t\t\t\t\t\t<img decoding=\"async\" width=\"250\" height=\"27\" src=\"https:\/\/internacional-ibiza.com\/wp-content\/uploads\/2024\/09\/frill-free-img.png\" class=\"attachment-full size-full wp-image-682\" alt=\"\" srcset=\"https:\/\/internacional-ibiza.com\/wp-content\/uploads\/2024\/09\/frill-free-img.png 250w, https:\/\/internacional-ibiza.com\/wp-content\/uploads\/2024\/09\/frill-free-img-18x2.png 18w\" sizes=\"(max-width: 250px) 100vw, 250px\" \/>\t\t\t\t\t\t\t\t\t\t\t\t\t\t\t<\/div>\n\t\t\t\t<\/div>\n\t\t\t\t<div class=\"elementor-element elementor-element-40bd821 elementor-widget elementor-widget-heading\" data-id=\"40bd821\" data-element_type=\"widget\" data-widget_type=\"heading.default\">\n\t\t\t\t<div class=\"elementor-widget-container\">\n\t\t\t\t\t<h2 class=\"elementor-heading-title elementor-size-default\"><br><\/h2>\t\t\t\t<\/div>\n\t\t\t\t<\/div>\n\t\t\t\t<div class=\"elementor-element elementor-element-c2996a6 elementor-widget elementor-widget-heading\" data-id=\"c2996a6\" data-element_type=\"widget\" data-widget_type=\"heading.default\">\n\t\t\t\t<div class=\"elementor-widget-container\">\n\t\t\t\t\t<h2 class=\"elementor-heading-title elementor-size-default\">RESTAURANTE<br>CHINO INTERNACIONAL<\/h2>\t\t\t\t<\/div>\n\t\t\t\t<\/div>\n\t\t\t\t<div class=\"elementor-element elementor-element-2492807 elementor-widget elementor-widget-heading\" data-id=\"2492807\" data-element_type=\"widget\" data-widget_type=\"heading.default\">\n\t\t\t\t<div class=\"elementor-widget-container\">\n\t\t\t\t\t<h2 class=\"elementor-heading-title elementor-size-default\"><br><\/h2>\t\t\t\t<\/div>\n\t\t\t\t<\/div>\n\t\t\t\t<div class=\"elementor-element elementor-element-8a78f8d elementor-widget elementor-widget-image\" data-id=\"8a78f8d\" data-element_type=\"widget\" data-widget_type=\"image.default\">\n\t\t\t\t<div class=\"elementor-widget-container\">\n\t\t\t\t\t\t\t\t\t\t\t\t\t\t\t<img decoding=\"async\" width=\"250\" height=\"27\" src=\"https:\/\/internacional-ibiza.com\/wp-content\/uploads\/2024\/09\/frill-free-img-Copy.png\" class=\"attachment-full size-full wp-image-681\" alt=\"\" srcset=\"https:\/\/internacional-ibiza.com\/wp-content\/uploads\/2024\/09\/frill-free-img-Copy.png 250w, https:\/\/internacional-ibiza.com\/wp-content\/uploads\/2024\/09\/frill-free-img-Copy-18x2.png 18w\" sizes=\"(max-width: 250px) 100vw, 250px\" \/>\t\t\t\t\t\t\t\t\t\t\t\t\t\t\t<\/div>\n\t\t\t\t<\/div>\n\t\t\t\t<div class=\"elementor-element elementor-element-58a3a67 elementor-widget elementor-widget-heading\" data-id=\"58a3a67\" data-element_type=\"widget\" data-widget_type=\"heading.default\">\n\t\t\t\t<div class=\"elementor-widget-container\">\n\t\t\t\t\t<h2 class=\"elementor-heading-title elementor-size-default\"><br><\/h2>\t\t\t\t<\/div>\n\t\t\t\t<\/div>\n\t\t\t\t<\/div>\n\t\t\t\t\t<\/div>\n\t\t\t\t<\/div>\n\t\t<div class=\"elementor-element elementor-element-9f9423a e-con-full e-flex e-con e-parent\" data-id=\"9f9423a\" data-element_type=\"container\">\n\t\t\t\t<div class=\"elementor-element elementor-element-a46d286 elementor-widget elementor-widget-heading\" data-id=\"a46d286\" data-element_type=\"widget\" data-widget_type=\"heading.default\">\n\t\t\t\t<div class=\"elementor-widget-container\">\n\t\t\t\t\t<h2 class=\"elementor-heading-title elementor-size-default\"><br><\/h2>\t\t\t\t<\/div>\n\t\t\t\t<\/div>\n\t\t\t\t<div class=\"elementor-element elementor-element-3a3ff0e elementor-widget elementor-widget-heading\" data-id=\"3a3ff0e\" data-element_type=\"widget\" data-widget_type=\"heading.default\">\n\t\t\t\t<div class=\"elementor-widget-container\">\n\t\t\t\t\t<h2 class=\"elementor-heading-title elementor-size-default\">Contacto para reservas<br>y pedidos para llevar:<\/h2>\t\t\t\t<\/div>\n\t\t\t\t<\/div>\n\t\t\t\t<div class=\"elementor-element elementor-element-d59349c elementor-widget elementor-widget-heading\" data-id=\"d59349c\" data-element_type=\"widget\" data-widget_type=\"heading.default\">\n\t\t\t\t<div class=\"elementor-widget-container\">\n\t\t\t\t\t<h2 class=\"elementor-heading-title elementor-size-default\">+34 971 39 95 78<\/h2>\t\t\t\t<\/div>\n\t\t\t\t<\/div>\n\t\t\t\t<div class=\"elementor-element elementor-element-dd1312b elementor-widget elementor-widget-heading\" data-id=\"dd1312b\" data-element_type=\"widget\" data-widget_type=\"heading.default\">\n\t\t\t\t<div class=\"elementor-widget-container\">\n\t\t\t\t\t<h2 class=\"elementor-heading-title elementor-size-default\"><br><\/h2>\t\t\t\t<\/div>\n\t\t\t\t<\/div>\n\t\t\t\t<div class=\"elementor-element elementor-element-e55c2b6 elementor-widget elementor-widget-heading\" data-id=\"e55c2b6\" data-element_type=\"widget\" data-widget_type=\"heading.default\">\n\t\t\t\t<div class=\"elementor-widget-container\">\n\t\t\t\t\t<h2 class=\"elementor-heading-title elementor-size-default\">Encu\u00e9ntranos tambi\u00e9n en:<br><br><\/h2>\t\t\t\t<\/div>\n\t\t\t\t<\/div>\n\t\t<div class=\"elementor-element elementor-element-4ebeee9 e-grid e-con-boxed e-con e-child\" data-id=\"4ebeee9\" data-element_type=\"container\">\n\t\t\t\t\t<div class=\"e-con-inner\">\n\t\t\t\t<div class=\"elementor-element elementor-element-bc8952d elementor-hidden-mobile elementor-widget elementor-widget-heading\" data-id=\"bc8952d\" data-element_type=\"widget\" data-widget_type=\"heading.default\">\n\t\t\t\t<div class=\"elementor-widget-container\">\n\t\t\t\t\t<h2 class=\"elementor-heading-title elementor-size-default\"><br><\/h2>\t\t\t\t<\/div>\n\t\t\t\t<\/div>\n\t\t\t\t<div class=\"elementor-element elementor-element-a3c582a animated-slow elementor-invisible elementor-widget elementor-widget-image\" data-id=\"a3c582a\" data-element_type=\"widget\" data-settings=\"{&quot;_animation&quot;:&quot;bounceInLeft&quot;,&quot;_animation_delay&quot;:100}\" data-widget_type=\"image.default\">\n\t\t\t\t<div class=\"elementor-widget-container\">\n\t\t\t\t\t\t\t\t\t\t\t\t\t\t\t\t<a href=\"https:\/\/www.ubereats.com\/es\/store\/restaurante-chino-internacional\/Qpdb3j6zW9uAxybt5RO8FA?diningMode=DELIVERY&#038;pl=JTdCJTIyYWRkcmVzcyUyMiUzQSUyMkF2aW5ndWRhJTIwUGVyZSUyME1hdHV0ZXMlMjBOb2d1ZXJhJTIyJTJDJTIycmVmZXJlbmNlJTIyJTNBJTIyRWoxQmRpNGdVR1Z5WlNCTllYUjFkR1Z6SUU1dlozVmxjbUVzSURBM09EQXdJRVZwZG1semMyRXNJRWxzYkdWeklFSmhiR1ZoY25Nc0lGTndZV2x1SWk0cUxBb1VDaElKQ1ZrTDFKeEdtUklSZGdnUXNzT2x3M2tTRkFvU0NZVVpuVzI4UnBrU0VZajZWNVB5R3NxMiUyMiUyQyUyMnJlZmVyZW5jZVR5cGUlMjIlM0ElMjJnb29nbGVfcGxhY2VzJTIyJTJDJTIybGF0aXR1ZGUlMjIlM0EzOC44OTc1ODkyJTJDJTIybG9uZ2l0dWRlJTIyJTNBMS40MTUwNDUxJTdE\">\n\t\t\t\t\t\t\t<img decoding=\"async\" src=\"https:\/\/internacional-ibiza.com\/wp-content\/uploads\/2025\/07\/Untitled-Design_1-1.png\" title=\"Untitled Design_1-1\" alt=\"Untitled Design_1-1\" loading=\"lazy\" \/>\t\t\t\t\t\t\t\t<\/a>\n\t\t\t\t\t\t\t\t\t\t\t\t\t\t\t<\/div>\n\t\t\t\t<\/div>\n\t\t\t\t\t<\/div>\n\t\t\t\t<\/div>\n\t\t<div class=\"elementor-element elementor-element-b7e892a e-grid e-con-boxed e-con e-child\" data-id=\"b7e892a\" data-element_type=\"container\">\n\t\t\t\t\t<div class=\"e-con-inner\">\n\t\t\t\t<div class=\"elementor-element elementor-element-c582d9d elementor-hidden-mobile elementor-widget elementor-widget-heading\" data-id=\"c582d9d\" data-element_type=\"widget\" data-widget_type=\"heading.default\">\n\t\t\t\t<div class=\"elementor-widget-container\">\n\t\t\t\t\t<h2 class=\"elementor-heading-title elementor-size-default\"><br><\/h2>\t\t\t\t<\/div>\n\t\t\t\t<\/div>\n\t\t\t\t<div class=\"elementor-element elementor-element-063ba2e animated-slow elementor-invisible elementor-widget elementor-widget-image\" data-id=\"063ba2e\" data-element_type=\"widget\" data-settings=\"{&quot;_animation&quot;:&quot;bounceInLeft&quot;,&quot;_animation_delay&quot;:100}\" data-widget_type=\"image.default\">\n\t\t\t\t<div class=\"elementor-widget-container\">\n\t\t\t\t\t\t\t\t\t\t\t\t\t\t\t\t<a href=\"https:\/\/glovoapp.com\/es\/es\/ibiza\/chino-internacional-ibiza\/\">\n\t\t\t\t\t\t\t<img fetchpriority=\"high\" decoding=\"async\" width=\"782\" height=\"347\" src=\"https:\/\/internacional-ibiza.com\/wp-content\/uploads\/2024\/09\/file-e1726106457395.png\" class=\"attachment-large size-large wp-image-680\" alt=\"\" srcset=\"https:\/\/internacional-ibiza.com\/wp-content\/uploads\/2024\/09\/file-e1726106457395.png 782w, https:\/\/internacional-ibiza.com\/wp-content\/uploads\/2024\/09\/file-e1726106457395-300x133.png 300w, https:\/\/internacional-ibiza.com\/wp-content\/uploads\/2024\/09\/file-e1726106457395-768x341.png 768w, https:\/\/internacional-ibiza.com\/wp-content\/uploads\/2024\/09\/file-e1726106457395-18x8.png 18w\" sizes=\"(max-width: 782px) 100vw, 782px\" \/>\t\t\t\t\t\t\t\t<\/a>\n\t\t\t\t\t\t\t\t\t\t\t\t\t\t\t<\/div>\n\t\t\t\t<\/div>\n\t\t\t\t\t<\/div>\n\t\t\t\t<\/div>\n\t\t\t\t<\/div>\n\t\t<div class=\"elementor-element elementor-element-69e7fb8 e-flex e-con-boxed e-con e-parent\" data-id=\"69e7fb8\" data-element_type=\"container\">\n\t\t\t\t\t<div class=\"e-con-inner\">\n\t\t\t\t<div class=\"elementor-element elementor-element-3b57a7e elementor-widget elementor-widget-heading\" data-id=\"3b57a7e\" data-element_type=\"widget\" data-widget_type=\"heading.default\">\n\t\t\t\t<div class=\"elementor-widget-container\">\n\t\t\t\t\t<h2 class=\"elementor-heading-title elementor-size-default\">Horario:<\/h2>\t\t\t\t<\/div>\n\t\t\t\t<\/div>\n\t\t\t\t<div class=\"elementor-element elementor-element-c4d2309 elementor-widget elementor-widget-heading\" data-id=\"c4d2309\" data-element_type=\"widget\" data-widget_type=\"heading.default\">\n\t\t\t\t<div class=\"elementor-widget-container\">\n\t\t\t\t\t<h2 class=\"elementor-heading-title elementor-size-default\">13:00 - 15:30 ; 20:00 - 23:00<\/h2>\t\t\t\t<\/div>\n\t\t\t\t<\/div>\n\t\t\t\t<div class=\"elementor-element elementor-element-861cc6e elementor-widget elementor-widget-heading\" data-id=\"861cc6e\" data-element_type=\"widget\" data-widget_type=\"heading.default\">\n\t\t\t\t<div class=\"elementor-widget-container\">\n\t\t\t\t\t<h2 class=\"elementor-heading-title elementor-size-default\">Martes y mi\u00e9rcoles CERRADO<\/h2>\t\t\t\t<\/div>\n\t\t\t\t<\/div>\n\t\t\t\t<div class=\"elementor-element elementor-element-45e508b elementor-widget elementor-widget-heading\" data-id=\"45e508b\" data-element_type=\"widget\" data-widget_type=\"heading.default\">\n\t\t\t\t<div class=\"elementor-widget-container\">\n\t\t\t\t\t<h2 class=\"elementor-heading-title elementor-size-default\"><br><\/h2>\t\t\t\t<\/div>\n\t\t\t\t<\/div>\n\t\t\t\t\t<\/div>\n\t\t\t\t<\/div>\n\t\t\t\t<\/div>\n\t\t","protected":false},"excerpt":{"rendered":"<p>RESTAURANTECHINO INTERNACIONAL Contacto para reservasy pedidos para llevar: +34 971 39 95 78 Encu\u00e9ntranos tambi\u00e9n en: Horario: 13:00 &#8211; 15:30 ; 20:00 &#8211; 23:00 Martes y mi\u00e9rcoles CERRADO<\/p>\n","protected":false},"author":1,"featured_media":0,"parent":0,"menu_order":0,"comment_status":"closed","ping_status":"closed","template":"","meta":{"site-sidebar-layout":"no-sidebar","site-content-layout":"plain-container","ast-site-content-layout":"normal-width-container","site-content-style":"unboxed","site-sidebar-style":"unboxed","ast-global-header-display":"","ast-banner-title-visibility":"","ast-main-header-display":"","ast-hfb-above-header-display":"","ast-hfb-below-header-display":"","ast-hfb-mobile-header-display":"","site-post-title":"","ast-breadcrumbs-content":"disabled","ast-featured-img":"disabled","footer-sml-layout":"","theme-transparent-header-meta":"disabled","adv-header-id-meta":"","stick-header-meta":"","header-above-stick-meta":"","header-main-stick-meta":"","header-below-stick-meta":"","astra-migrate-meta-layouts":"set","ast-page-background-enabled":"default","ast-page-background-meta":{"desktop":{"background-color":"var(--ast-global-color-4)","background-image":"","background-repeat":"repeat","background-position":"center center","background-size":"auto","background-attachment":"scroll","background-type":"","background-media":"","overlay-type":"","overlay-color":"","overlay-opacity":"","overlay-gradient":""},"tablet":{"background-color":"","background-image":"","background-repeat":"repeat","background-position":"center center","background-size":"auto","background-attachment":"scroll","background-type":"","background-media":"","overlay-type":"","overlay-color":"","overlay-opacity":"","overlay-gradient":""},"mobile":{"background-color":"","background-image":"","background-repeat":"repeat","background-position":"center center","background-size":"auto","background-attachment":"scroll","background-type":"","background-media":"","overlay-type":"","overlay-color":"","overlay-opacity":"","overlay-gradient":""}},"ast-content-background-meta":{"desktop":{"background-color":"var(--ast-global-color-5)","background-image":"","background-repeat":"repeat","background-position":"center center","background-size":"auto","background-attachment":"scroll","background-type":"","background-media":"","overlay-type":"","overlay-color":"","overlay-opacity":"","overlay-gradient":""},"tablet":{"background-color":"var(--ast-global-color-5)","background-image":"","background-repeat":"repeat","background-position":"center center","background-size":"auto","background-attachment":"scroll","background-type":"","background-media":"","overlay-type":"","overlay-color":"","overlay-opacity":"","overlay-gradient":""},"mobile":{"background-color":"var(--ast-global-color-5)","background-image":"","background-repeat":"repeat","background-position":"center center","background-size":"auto","background-attachment":"scroll","background-type":"","background-media":"","overlay-type":"","overlay-color":"","overlay-opacity":"","overlay-gradient":""}},"footnotes":""},"class_list":["post-567","page","type-page","status-publish","hentry"],"jetpack_sharing_enabled":true,"_links":{"self":[{"href":"https:\/\/internacional-ibiza.com\/esp\/wp-json\/wp\/v2\/pages\/567","targetHints":{"allow":["GET"]}}],"collection":[{"href":"https:\/\/internacional-ibiza.com\/esp\/wp-json\/wp\/v2\/pages"}],"about":[{"href":"https:\/\/internacional-ibiza.com\/esp\/wp-json\/wp\/v2\/types\/page"}],"author":[{"embeddable":true,"href":"https:\/\/internacional-ibiza.com\/esp\/wp-json\/wp\/v2\/users\/1"}],"replies":[{"embeddable":true,"href":"https:\/\/internacional-ibiza.com\/esp\/wp-json\/wp\/v2\/comments?post=567"}],"version-history":[{"count":161,"href":"https:\/\/internacional-ibiza.com\/esp\/wp-json\/wp\/v2\/pages\/567\/revisions"}],"predecessor-version":[{"id":1494,"href":"https:\/\/internacional-ibiza.com\/esp\/wp-json\/wp\/v2\/pages\/567\/revisions\/1494"}],"wp:attachment":[{"href":"https:\/\/internacional-ibiza.com\/esp\/wp-json\/wp\/v2\/media?parent=567"}],"curies":[{"name":"wp","href":"https:\/\/api.w.org\/{rel}","templated":true}]}}